{"id":859,"date":"2019-01-18T09:05:25","date_gmt":"2019-01-18T08:05:25","guid":{"rendered":"https:\/\/beraska.com\/euskalherrikoeztia-copy\/"},"modified":"2022-11-19T10:19:56","modified_gmt":"2022-11-19T09:19:56","slug":"sobre-beraska","status":"publish","type":"page","link":"https:\/\/beraska.com\/es\/sobre-beraska\/","title":{"rendered":"Sobre Beraska"},"content":{"rendered":"<p>[vc_row][vc_column]<h2 class=\"sc_title sc_title_regular sc_align_center\" style=\"margin-top: 2.25em;text-align:center;\">Sobre Beraska<\/h2>[\/vc_column][\/vc_row][vc_row css=\u00bb.vc_custom_1511261881393{margin-bottom: 60px !important;}\u00bb][vc_column width=\u00bb1\/2&#8243; css=\u00bb.vc_custom_1511263680995{padding-left: 30px !important;}\u00bb]<div id=\"sc_team_885121025_wrap\" class=\"sc_team_wrap\"><div id=\"sc_team_885121025\" class=\"sc_team sc_team_style_team-2 \" style=\"width:100%;\">\t\t\t<div id=\"sc_team_885121025_1\"\t\t\t\tclass=\"sc_team_item sc_team_item_1 odd first columns_wrap\"\n\t\t\t\t\t\t\t><div class=\"sc_team_item_avatar column-2_5\">\n\t\t\t\t\t<img loading=\"lazy\" decoding=\"async\" class=\"wp-post-image\" width=\"370\" height=\"370\" alt=\"Xiker Salaberria Telletxea\" src=\"https:\/\/beraska.com\/wp-content\/uploads\/2017\/11\/web-6-min-scaled-370x370.jpg\">\t\t\t<\/div><div class=\"sc_team_item_info column-3_5\">\n\t\t\t\t<h5 class=\"sc_team_item_title\"><a href=\"https:\/\/beraska.com\/es\/team\/xiker-salaberria-telletxea-beraska\/\">Xiker Salaberria Telletxea<\/a><\/h5>\n\t\t\t\t<div class=\"sc_team_item_position\"><\/div>\n\t\t\t\t<div class=\"sc_team_item_description\"><\/div>\n\t\t\t\t\t\t\t<\/div><\/div>\n\t\t<\/div><!-- \/.sc_team --><\/div><!-- \/.sc_team_wrap -->[\/vc_column][vc_column width=\u00bb1\/2&#8243;][vc_column_text css=\u00bb.vc_custom_1549027211288{margin-top: 30px !important;}\u00bb]<\/p>\n<p class=\"western\" lang=\"es-ES\">Despu\u00e9s de trabajar durante a\u00f1os en el laboratorio del centro de investigaci\u00f3n marina<a href=\"http:\/\/www.azti.es\/eu\/aztiri-buruz\/\">\u00a0AZTI TECNALIA<\/a>, llevaba hace tiempo trabajando con las abejas y en 2017 da el paso como apicultor profesional para ejercer su verdadera pasi\u00f3n.<\/p>\n<p class=\"western\" lang=\"es-ES\">T\u00e9cnico superior en salud ambiental y t\u00e9cnico superior de an\u00e1lisis y control, utiliza ese saber en el mundo de las abejas, para desarrollar la mejora gen\u00e9tica y ofrecer productos de la colmena de alta calidad.<\/p>\n<p>[\/vc_column_text][\/vc_column][\/vc_row][vc_row css=\u00bb.vc_custom_1511263201784{margin-bottom: 60px !important;}\u00bb][vc_column][vc_column_text css=\u00bb.vc_custom_1547798848305{margin-bottom: 30px !important;}\u00bb]El proyecto Beraska se inicia en el 2017, Dando el salto ha apicultor profesional. Esta decisi\u00f3n es fruto de mucho trabajo e ilusi\u00f3n, Trabajando con nuestra abeja negra y aprendiendo las diferentes floraciones he pasado estos \u00faltimos a\u00f1os, especializado en cr\u00eda de abejas, trabajando la mejora gen\u00e9tica en diferentes proyectos y siendo criador de reinas seleccionadas de la asociaci\u00f3n ERBEL, asociaci\u00f3n de criadores de abeja negra.[\/vc_column_text][vc_row_inner equal_height=\u00bbyes\u00bb css=\u00bb.vc_custom_1511263837756{margin-bottom: 60px !important;}\u00bb][vc_column_inner width=\u00bb1\/3&#8243;][vc_column_text]<\/p>\n<h4 style=\"text-align: center;\"><img loading=\"lazy\" decoding=\"async\" class=\"alignnone wp-image-545 size-medium\" src=\"https:\/\/beraska.com\/wp-content\/uploads\/2021\/05\/IMG-20210419-WA0009-300x225.jpg\" alt=\"\" width=\"300\" height=\"200\" \/><\/h4>\n<h4 style=\"text-align: center;\">Calidad<\/h4>\n<p style=\"text-align: left;\">Cogiendo como objetivo primordial dar un calidad inmejorable tanto en los diferentes productos de la colmena\u00a0como en cr\u00eda de reinas y selecci\u00f3n gen\u00e9tica.<\/p>\n<p>[\/vc_column_text][\/vc_column_inner][vc_column_inner width=\u00bb1\/3&#8243;][vc_column_text]<\/p>\n<h4 style=\"text-align: center;\"><img loading=\"lazy\" decoding=\"async\" class=\"size-medium wp-image-539 alignnone\" src=\"https:\/\/beraska.com\/wp-content\/uploads\/2017\/11\/Web-1-min-300x200.jpg\" alt=\"1 Beraska Euskal Herriko eztia\" width=\"300\" height=\"200\" srcset=\"https:\/\/beraska.com\/wp-content\/uploads\/2017\/11\/Web-1-min-300x200.jpg 300w, https:\/\/beraska.com\/wp-content\/uploads\/2017\/11\/Web-1-min-scaled-600x400.jpg 600w, https:\/\/beraska.com\/wp-content\/uploads\/2017\/11\/Web-1-min-768x512.jpg 768w, https:\/\/beraska.com\/wp-content\/uploads\/2017\/11\/Web-1-min-1024x683.jpg 1024w\" sizes=\"(max-width: 300px) 100vw, 300px\" \/><\/h4>\n<h4 style=\"text-align: center;\">Proceso artesano<\/h4>\n<p>En el caso de la miel la extracci\u00f3n se realiza en modo mec\u00e1nico y en frio, as\u00ed la miel no pierde ninguna de sus propiedades. Si la miel se calienta por encima de 40\u00baC empieza a perder sus propiedades. La extracci\u00f3n del polen y la preparaci\u00f3n de la tintura de propoleo se hacen manual y artesanalmente.[\/vc_column_text][\/vc_column_inner][vc_column_inner width=\u00bb1\/3&#8243;][vc_column_text]<\/p>\n<h4 style=\"text-align: center;\"><img loading=\"lazy\" decoding=\"async\" class=\"size-medium wp-image-543 alignnone\" src=\"https:\/\/beraska.com\/wp-content\/uploads\/2017\/11\/Web-6.2-min-300x200.jpg\" alt=\"\" width=\"300\" height=\"200\" srcset=\"https:\/\/beraska.com\/wp-content\/uploads\/2017\/11\/Web-6.2-min-300x200.jpg 300w, https:\/\/beraska.com\/wp-content\/uploads\/2017\/11\/Web-6.2-min-scaled-600x400.jpg 600w, https:\/\/beraska.com\/wp-content\/uploads\/2017\/11\/Web-6.2-min-768x512.jpg 768w, https:\/\/beraska.com\/wp-content\/uploads\/2017\/11\/Web-6.2-min-1024x683.jpg 1024w\" sizes=\"(max-width: 300px) 100vw, 300px\" \/><\/h4>\n<h4 style=\"text-align: center;\">Cera pura<\/h4>\n<p>En las colmenas se utiliza cera pura donde toda la cera necesaria viene de nuestras colmenas, cerrando el ciclo. Asegurando una calidad inmejorable de la cera y mejorando la salud de las colmenas.[\/vc_column_text][\/vc_column_inner][\/vc_row_inner][vc_gallery interval=\u00bb15&#8243; images=\u00bb761,1397,1553,1050,1016,969,1641,1662,552,1653,1659&#8243; img_size=\u00bbfull\u00bb][\/vc_column][\/vc_row][vc_row][vc_column][vc_column_text]<\/p>\n<p style=\"text-align: center;\">Gracias a Oaia P. Telletxea, Lander Salaberria, I\u00f1igo Yanci.<\/p>\n<p>[\/vc_column_text][\/vc_column][\/vc_row]<\/p>\n","protected":false},"excerpt":{"rendered":"<p>[vc_row][vc_column][\/vc_column][\/vc_row][vc_row css=\u00bb.vc_custom_1511261881393{margin-bottom: 60px !important;}\u00bb][vc_column width=\u00bb1\/2&#8243; css=\u00bb.vc_custom_1511263680995{padding-left: 30px !important;}\u00bb][\/vc_column][vc_column width=\u00bb1\/2&#8243;][vc_column_text css=\u00bb.vc_custom_1549027211288{margin-top: 30px !important;}\u00bb] Despu\u00e9s de trabajar durante a\u00f1os en el laboratorio del centro de investigaci\u00f3n marina\u00a0AZTI TECNALIA, llevaba hace tiempo trabajando con las abejas y en 2017 da el paso como apicultor profesional para ejercer su verdadera pasi\u00f3n. T\u00e9cnico superior en salud ambiental y t\u00e9cnico superior [&hellip;]<\/p>\n","protected":false},"author":1,"featured_media":0,"parent":0,"menu_order":0,"comment_status":"closed","ping_status":"closed","template":"","meta":{"footnotes":""},"class_list":["post-859","page","type-page","status-publish","hentry"],"_links":{"self":[{"href":"https:\/\/beraska.com\/es\/wp-json\/wp\/v2\/pages\/859"}],"collection":[{"href":"https:\/\/beraska.com\/es\/wp-json\/wp\/v2\/pages"}],"about":[{"href":"https:\/\/beraska.com\/es\/wp-json\/wp\/v2\/types\/page"}],"author":[{"embeddable":true,"href":"https:\/\/beraska.com\/es\/wp-json\/wp\/v2\/users\/1"}],"replies":[{"embeddable":true,"href":"https:\/\/beraska.com\/es\/wp-json\/wp\/v2\/comments?post=859"}],"version-history":[{"count":17,"href":"https:\/\/beraska.com\/es\/wp-json\/wp\/v2\/pages\/859\/revisions"}],"predecessor-version":[{"id":1684,"href":"https:\/\/beraska.com\/es\/wp-json\/wp\/v2\/pages\/859\/revisions\/1684"}],"wp:attachment":[{"href":"https:\/\/beraska.com\/es\/wp-json\/wp\/v2\/media?parent=859"}],"curies":[{"name":"wp","href":"https:\/\/api.w.org\/{rel}","templated":true}]}}