{"id":883,"date":"2019-01-18T09:56:33","date_gmt":"2019-01-18T08:56:33","guid":{"rendered":"https:\/\/beraska.com\/hasiera-orria-copy\/"},"modified":"2021-10-28T06:45:31","modified_gmt":"2021-10-28T05:45:31","slug":"accueil","status":"publish","type":"page","link":"https:\/\/beraska.com\/fr\/","title":{"rendered":"Accueil"},"content":{"rendered":"<p>[vc_row full_width=\u00a0\u00bbstretch_row\u00a0\u00bb css=\u00a0\u00bb.vc_custom_1511252184090{background-color: #f9f8f4 !important;}\u00a0\u00bb el_id=\u00a0\u00bbzerbitzuak\u00a0\u00bb][vc_column]<div class=\"columns_wrap sc_columns columns_nofluid sc_columns_count_3 banners \" style=\"margin-top: 7em;margin-bottom: 7em; \" data-equal-height=\".sc_column_item_inner\"><div class=\"column-1_3 sc_column_item sc_column_item_1 odd first\"><div class=\"sc_column_item_inner\" style=\"background-image:url(https:\/\/beraska.com\/wp-content\/uploads\/2017\/11\/Web-3-min-scaled.jpg);background-repeat:no-repeat;background-size:cover;\"><h6 class=\"sc_title sc_title_regular sc_align_center margin_bottom_tiny\" style=\"margin-top: 3.3em; text-shadow: 1px 0 0 #000, -1px 0 0 #000, 0 1px 0 #000, 0 -1px 0 #000, 1px 1px #000, -1px -1px 0 #000, 1px -1px 0 #000, -1px 1px 0 #000;text-align:center;color:#ffffff;font-size:1em;\">Essayez notre miel<\/h6><h2 class=\"sc_title sc_title_regular sc_align_center margin_top_null\" style=\"margin-bottom: 1em; text-shadow: 1px 0 0 #000, -1px 0 0 #000, 0 1px 0 #000, 0 -1px 0 #000, 1px 1px #000, -1px -1px 0 #000, 1px -1px 0 #000, -1px 1px 0 #000;text-align:center;color:#ffffff;\"><a style=\"color: #fff;\" href=\"https:\/\/beraska.com\/fr\/magasin\/\">et nos produits<\/a><\/h2><\/div><\/div><div class=\"column-1_3 sc_column_item sc_column_item_2 even\"><div class=\"sc_column_item_inner\" style=\"background-image:url(https:\/\/beraska.com\/wp-content\/uploads\/2017\/11\/web-17-min-scaled.jpg);background-repeat:no-repeat;background-size:cover;\"><h6 class=\"sc_title sc_title_regular sc_align_center margin_bottom_tiny\" style=\"margin-top: 3.3em; text-shadow: 1px 0 0 #000, -1px 0 0 #000, 0 1px 0 #000, 0 -1px 0 #000, 1px 1px #000, -1px -1px 0 #000, 1px -1px 0 #000, -1px 1px 0 #000;text-align:center;color:#ffffff;font-size:1em;\">Voir<\/h6><h2 class=\"sc_title sc_title_regular sc_align_center margin_top_null\" style=\"margin-bottom: 1em; text-shadow: 1px 0 0 #000, -1px 0 0 #000, 0 1px 0 #000, 0 -1px 0 #000, 1px 1px #000, -1px -1px 0 #000, 1px -1px 0 #000, -1px 1px 0 #000;text-align:center;color:#ffffff;\"><a style=\"color: #fff;\" href=\"https:\/\/beraska.com\/fr\/ou-acheter\/\">les points de vente<\/a><\/h2><\/div><\/div><div class=\"column-1_3 sc_column_item sc_column_item_3 odd\"><div class=\"sc_column_item_inner\" style=\"background-image:url(https:\/\/beraska.com\/wp-content\/uploads\/2017\/11\/Web-5-min-scaled.jpg);background-repeat:no-repeat;background-size:cover;\"><h6 class=\"sc_title sc_title_regular sc_align_center margin_bottom_tiny\" style=\"margin-top: 3.3em; text-shadow: 1px 0 0 #000, -1px 0 0 #000, 0 1px 0 #000, 0 -1px 0 #000, 1px 1px #000, -1px -1px 0 #000, 1px -1px 0 #000, -1px 1px 0 #000;text-align:center;color:#ffffff;font-size:1em;\">L\u2019abeille noire<\/p>\n<p>(Apis Mellifera Iberiensis)<\/h6><h2 class=\"sc_title sc_title_regular sc_align_center margin_top_null\" style=\"margin-bottom: 1em; text-shadow: 1px 0 0 #000, -1px 0 0 #000, 0 1px 0 #000, 0 -1px 0 #000, 1px 1px #000, -1px -1px 0 #000, 1px -1px 0 #000, -1px 1px 0 #000;text-align:center;color:#ffffff;\"><a style=\"color: #fff;\" href=\"https:\/\/beraska.com\/fr\/reines-colonies-meres\/\">Vente d\u2019abeilles<\/a><\/h2><\/div><\/div><\/div>[\/vc_column][\/vc_row][vc_row full_width=\u00a0\u00bbstretch_row\u00a0\u00bb full_height=\u00a0\u00bbyes\u00a0\u00bb parallax=\u00a0\u00bbcontent-moving\u00a0\u00bb parallax_image=\u00a0\u00bb741&Prime; parallax_speed_bg=\u00a0\u00bb1&Prime;][vc_column]<div class=\"sc_section margin_top_large margin_bottom_huge aligncenter\"><div class=\"sc_section_inner\"><div class=\"sc_section_content_wrap\"><h3 class=\"sc_title sc_title_regular sc_align_center margin_bottom_null\" style=\" text-shadow: 1px 0 0 #000, -1px 0 0 #000, 0 1px 0 #000, 0 -1px 0 #000, 1px 1px #000, -1px -1px 0 #000, 1px -1px 0 #000, -1px 1px 0 #000;text-align:center;color:#ffffff;\"><\/p>\n<p class=\"western\" lang=\"es-ES\">Miel extrait de fa\u00e7on artisanale de Beraska, rien d&rsquo;autre.<\/p>\n<p><\/h3><h5 class=\"sc_title sc_title_regular sc_align_center margin_top_null margin_bottom_small\" style=\" text-shadow: 1px 0 0 #000, -1px 0 0 #000, 0 1px 0 #000, 0 -1px 0 #000, 1px 1px #000, -1px -1px 0 #000, 1px -1px 0 #000, -1px 1px 0 #000;text-align:center;color:#ffffff;\"><\/p>\n<p class=\"western\" lang=\"es-ES\">Aucun traitement, extraction \u00e0 froid.<\/p>\n<p><\/h5><a href=\"\/fr\/miel-produits\" class=\"sc_button sc_button_square sc_button_style_border sc_button_size_small aligncenter inverse \" style=\"width:120px;\">Produits<\/a><\/div><\/div><\/div>[\/vc_column][\/vc_row][vc_row full_width=\u00a0\u00bbstretch_row\u00a0\u00bb inverse=\u00a0\u00bb\u00a0\u00bb css=\u00a0\u00bb.vc_custom_1467107681206{background-image: url(http:\/\/beelove.ancorathemes.com\/wp-content\/uploads\/2016\/06\/bg1.jpg?id=207) !important;background-position: center !important;background-repeat: no-repeat !important;background-size: cover !important;}\u00a0\u00bb][vc_column]<div class=\"sc_content content_wrap margin_top_huge margin_bottom_huge\"><h2 class=\"sc_title sc_title_regular sc_align_center\" style=\"margin-bottom: 1.5em;text-align:center;color:#ffffff;\">De quoi parlons nous?<\/h2><div id=\"sc_services_2117254397_wrap\" class=\"sc_services_wrap scheme_dark\"><div id=\"sc_services_2117254397\" class=\"sc_services sc_services_style_services-1 sc_services_type_icons \" style=\"pointer-events: none; cursor: default;width:100%;\"><div class=\"sc_columns columns_wrap\"><div class=\"column-1_3\">\t\t\t<div id=\"sc_services_2117254397_1\"\t\t\t\tclass=\"sc_services_item sc_services_item_1 odd first\"\n\t\t\t\t>\n\t\t\t\t<a href=\"https:\/\/beraska.com\/fr\/services\/pollinisation\/\"><span class=\"sc_icon icon-icons_1\"><\/span><\/a>\t\t\t\t<div class=\"sc_services_item_content\">\n\t\t\t\t\t<h4 class=\"sc_services_item_title\"><a href=\"https:\/\/beraska.com\/fr\/services\/pollinisation\/\">La pollinisation<\/a><\/h4>\n\t\t\t\t\t<div class=\"sc_services_item_description\">\n\t\t\t\t\t\t<p>\u00c0 l&rsquo;aide des abeilles, les plantes produisent leurs fruits de l&rsquo;ann\u00e9e.<\/p>\t\t\t\t\t<\/div>\n\t\t\t\t<\/div>\n\t\t\t<\/div>\n\t\t<\/div><div class=\"column-1_3\">\t\t\t<div id=\"sc_services_2117254397_2\"\t\t\t\tclass=\"sc_services_item sc_services_item_2 even\"\n\t\t\t\t>\n\t\t\t\t<a href=\"https:\/\/beraska.com\/fr\/services\/ruche\/\"><span class=\"sc_icon icon-icons_2\"><\/span><\/a>\t\t\t\t<div class=\"sc_services_item_content\">\n\t\t\t\t\t<h4 class=\"sc_services_item_title\"><a href=\"https:\/\/beraska.com\/fr\/services\/ruche\/\">La ruche<\/a><\/h4>\n\t\t\t\t\t<div class=\"sc_services_item_description\">\n\t\t\t\t\t\t<p>Nous produisons notre propre cire \u00e9cologique pour cr\u00e9er les rayons de nos ruches.<\/p>\t\t\t\t\t<\/div>\n\t\t\t\t<\/div>\n\t\t\t<\/div>\n\t\t<\/div><div class=\"column-1_3\">\t\t\t<div id=\"sc_services_2117254397_3\"\t\t\t\tclass=\"sc_services_item sc_services_item_3 odd\"\n\t\t\t\t>\n\t\t\t\t<a href=\"https:\/\/beraska.com\/fr\/services\/miel-natural\/\"><span class=\"sc_icon icon-icons_3\"><\/span><\/a>\t\t\t\t<div class=\"sc_services_item_content\">\n\t\t\t\t\t<h4 class=\"sc_services_item_title\"><a href=\"https:\/\/beraska.com\/fr\/services\/miel-natural\/\">Miel natural<\/a><\/h4>\n\t\t\t\t\t<div class=\"sc_services_item_description\">\n\t\t\t\t\t\t<p>Nectar de fleurs sauvages, source de sant\u00e9.<\/p>\t\t\t\t\t<\/div>\n\t\t\t\t<\/div>\n\t\t\t<\/div>\n\t\t<\/div><div class=\"column-1_3\">\t\t\t<div id=\"sc_services_2117254397_4\"\t\t\t\tclass=\"sc_services_item sc_services_item_4 even\"\n\t\t\t\t>\n\t\t\t\t<a href=\"https:\/\/beraska.com\/fr\/services\/produits\/\"><span class=\"sc_icon icon-icons_4\"><\/span><\/a>\t\t\t\t<div class=\"sc_services_item_content\">\n\t\t\t\t\t<h4 class=\"sc_services_item_title\"><a href=\"https:\/\/beraska.com\/fr\/services\/produits\/\">Produits<\/a><\/h4>\n\t\t\t\t\t<div class=\"sc_services_item_description\">\n\t\t\t\t\t\t<p>Miel, teinture de propolis, pollen, ainsi que colonies-m\u00e8res et reines s\u00e9lectionn\u00e9es.<\/p>\t\t\t\t\t<\/div>\n\t\t\t\t<\/div>\n\t\t\t<\/div>\n\t\t<\/div><div class=\"column-1_3\">\t\t\t<div id=\"sc_services_2117254397_5\"\t\t\t\tclass=\"sc_services_item sc_services_item_5 odd\"\n\t\t\t\t>\n\t\t\t\t<a href=\"https:\/\/beraska.com\/fr\/services\/fleurs\/\"><span class=\"sc_icon icon-icons_5\"><\/span><\/a>\t\t\t\t<div class=\"sc_services_item_content\">\n\t\t\t\t\t<h4 class=\"sc_services_item_title\"><a href=\"https:\/\/beraska.com\/fr\/services\/fleurs\/\">Fleurs<\/a><\/h4>\n\t\t\t\t\t<div class=\"sc_services_item_description\">\n\t\t\t\t\t\t<p>Robinier (acacia), Ch\u00e2taignier, Ronce, Callune, Romarin, Thym, mille fleurs.<\/p>\t\t\t\t\t<\/div>\n\t\t\t\t<\/div>\n\t\t\t<\/div>\n\t\t<\/div><div class=\"column-1_3\">\t\t\t<div id=\"sc_services_2117254397_6\"\t\t\t\tclass=\"sc_services_item sc_services_item_6 even\"\n\t\t\t\t>\n\t\t\t\t<a href=\"https:\/\/beraska.com\/fr\/services\/abeille-noire-apis-mellifera-iberensis\/\"><span class=\"sc_icon icon-icons_6\"><\/span><\/a>\t\t\t\t<div class=\"sc_services_item_content\">\n\t\t\t\t\t<h4 class=\"sc_services_item_title\"><a href=\"https:\/\/beraska.com\/fr\/services\/abeille-noire-apis-mellifera-iberensis\/\">Abeille noire<\/a><\/h4>\n\t\t\t\t\t<div class=\"sc_services_item_description\">\n\t\t\t\t\t\t<p>Nous travaillons avec l&rsquo;abeille noire locale (Apis Mellifera Iberiensis).<\/p>\t\t\t\t\t<\/div>\n\t\t\t\t<\/div>\n\t\t\t<\/div>\n\t\t<\/div><\/div><\/div><!-- \/.sc_services --><\/div><!-- \/.sc_services_wrap --><\/div>[\/vc_column][\/vc_row][vc_row full_width=\u00a0\u00bbstretch_row\u00a0\u00bb parallax=\u00a0\u00bbcontent-moving\u00a0\u00bb parallax_image=\u00a0\u00bb558&Prime; parallax_speed_bg=\u00a0\u00bb1&Prime;][vc_column]<div class=\"sc_testimonials_wrap sc_section scheme_beraska\" style=\"\"><div class=\"sc_section_overlay\" style=\"\"><div id=\"sc_testimonials_784573756\" class=\"sc_testimonials sc_testimonials_style_testimonials-4  aligncenter\" style=\"h2 {color: white !important;}width:100%;\"><div class=\"sc_slider_swiper swiper-slider-container sc_slider_pagination sc_slider_pagination_bottom sc_slider_nocontrols\" data-interval=\"9470\" data-slides-min-width=\"250\"><div class=\"slides swiper-wrapper\"><\/div><div class=\"sc_slider_controls_wrap\"><a class=\"sc_slider_prev\" href=\"#\"><\/a><a class=\"sc_slider_next\" href=\"#\"><\/a><\/div><div class=\"sc_slider_pagination_wrap\"><\/div><\/div><\/div><\/div><\/div>[\/vc_column][\/vc_row][vc_row content_placement=\u00a0\u00bbmiddle\u00a0\u00bb inverse=\u00a0\u00bb\u00a0\u00bb][vc_column width=\u00a0\u00bb2\/3&Prime;]<h3 class=\"sc_title sc_title_regular sc_align_center\" style=\"margin-bottom: 1.5em;text-align:center;\">Beraskari buruz<\/h3>[vc_column_text css=\u00a0\u00bb.vc_custom_1547801998582{padding-bottom: 10px !important;}\u00a0\u00bb]<\/p>\n<p lang=\"es-ES\">Beraska Miel du Pays Basque, un projet de l&rsquo;apiculteur Xiker Salaberria Telletxea.<\/p>\n<p class=\"western\" lang=\"es-ES\">Apr\u00e8s avoir \u00e9t\u00e9 plusieurs ann\u00e9es technicien de laboratoire dans le centre de recherche <a href=\"http:\/\/www.azti.es\/eu\/aztiri-buruz\/\">AZTI TECNALIA<\/a>, tout en \u00e9tant apiculteur amateur en parall\u00e8le, il s&rsquo;est lanc\u00e9 apiculteur professionnel en 2017, pour mieux d\u00e9velopper sa vraie passion.<\/p>\n<p class=\"western\" lang=\"es-ES\">Technicien en sant\u00e9 environnementale, sp\u00e9cialis\u00e9 dans l&rsquo;analyse et le contr\u00f4le, il utilise ce savoir-faire dans le monde de l&rsquo;apiculture, pour s\u00e9lectionner ses souches d&rsquo;abeilles et offrir des produits de haute qualit\u00e9.<\/p>\n<p>[\/vc_column_text][\/vc_column][vc_column width=\u00a0\u00bb1\/3&Prime;]<div class=\"sc_content content_wrap margin_top_huge margin_bottom_huge\" style=\"pointer-events: none; cursor: default;\"><div id=\"sc_team_876715032_wrap\" class=\"sc_team_wrap\"><div id=\"sc_team_876715032\" class=\"sc_team sc_team_style_team-3 \" style=\"width:100%;\"><div class=\"sc_columns columns_wrap\"><div class=\"column-1_3 column_padding_bottom\">\t\t\t<div id=\"sc_team_876715032_1\"\t\t\t\tclass=\"sc_team_item sc_team_item_1 odd first\"\n\t\t\t\t>\n\t\t\t\t<div class=\"sc_team_item_avatar\"><img loading=\"lazy\" decoding=\"async\" class=\"wp-post-image\" width=\"555\" height=\"390\" alt=\"Xiker Salaberria Telletxea\" src=\"https:\/\/beraska.com\/wp-content\/uploads\/2017\/11\/web-6-min-scaled-555x390.jpg\">\t\t\t\t\t\n\t\t\t\t\t<div class=\"sc_team_item_hover\"><\/div>\n\t\t\t\t\t<div class=\"sc_team_item_socials\"><\/div>\n\t\t\t\t<\/div>\n\t\t\t\t<div class=\"sc_team_item_info\">\n\t\t\t\t\t<h5 class=\"sc_team_item_title\"><a href=\"https:\/\/beraska.com\/fr\/team\/xiker-salaberria-telletxea-miel\/\">Xiker Salaberria Telletxea<\/a><\/h5>\n\t\t\t\t\t<div class=\"sc_team_item_position\"><\/div>\n\t\t\t\t<\/div>\n\t\t\t<\/div>\n\t\t<\/div><\/div><\/div><!-- \/.sc_team --><\/div><!-- \/.sc_team_wrap --><\/div>[\/vc_column][\/vc_row][vc_row full_width=\u00a0\u00bbstretch_row\u00a0\u00bb scheme=\u00a0\u00bbberaska\u00a0\u00bb inverse=\u00a0\u00bb\u00a0\u00bb css=\u00a0\u00bb.vc_custom_1511256940837{background-color: #0a0909 !important;}\u00a0\u00bb][vc_column][vc_column_text]<\/p>\n<p style=\"text-align: center;\"><a href=\"mailto:xiker@beraska.com\"><img loading=\"lazy\" decoding=\"async\" class=\"size-full wp-image-736 aligncenter\" src=\"https:\/\/beraska.com\/wp-content\/uploads\/2016\/06\/BeraskaLogoBorobila.png\" alt=\"BeraskaLogoBorobila\" width=\"175\" height=\"120\" \/><\/a><\/p>\n<p style=\"text-align: center;\"><a href=\"mailto:xiker@beraska.com\">xiker@beraska.com<\/a> \u00b7 <a href=\"tel:+34659975542\">(0034) 659 975 542<\/a><\/p>\n<p>[\/vc_column_text][\/vc_column][\/vc_row]<\/p>\n","protected":false},"excerpt":{"rendered":"<p>[vc_row full_width=\u00a0\u00bbstretch_row\u00a0\u00bb css=\u00a0\u00bb.vc_custom_1511252184090{background-color: #f9f8f4 !important;}\u00a0\u00bb el_id=\u00a0\u00bbzerbitzuak\u00a0\u00bb][vc_column][\/vc_column][\/vc_row][vc_row full_width=\u00a0\u00bbstretch_row\u00a0\u00bb full_height=\u00a0\u00bbyes\u00a0\u00bb parallax=\u00a0\u00bbcontent-moving\u00a0\u00bb parallax_image=\u00a0\u00bb741&Prime; parallax_speed_bg=\u00a0\u00bb1&Prime;][vc_column][\/vc_column][\/vc_row][vc_row full_width=\u00a0\u00bbstretch_row\u00a0\u00bb inverse=\u00a0\u00bb\u00a0\u00bb css=\u00a0\u00bb.vc_custom_1467107681206{background-image: url(http:\/\/beelove.ancorathemes.com\/wp-content\/uploads\/2016\/06\/bg1.jpg?id=207) !important;background-position: center !important;background-repeat: no-repeat !important;background-size: cover !important;}\u00a0\u00bb][vc_column][\/vc_column][\/vc_row][vc_row full_width=\u00a0\u00bbstretch_row\u00a0\u00bb parallax=\u00a0\u00bbcontent-moving\u00a0\u00bb parallax_image=\u00a0\u00bb558&Prime; parallax_speed_bg=\u00a0\u00bb1&Prime;][vc_column][\/vc_column][\/vc_row][vc_row content_placement=\u00a0\u00bbmiddle\u00a0\u00bb inverse=\u00a0\u00bb\u00a0\u00bb][vc_column width=\u00a0\u00bb2\/3&Prime;][vc_column_text css=\u00a0\u00bb.vc_custom_1547801998582{padding-bottom: 10px !important;}\u00a0\u00bb] Beraska Miel du Pays Basque, un projet de l&rsquo;apiculteur Xiker Salaberria Telletxea. Apr\u00e8s avoir \u00e9t\u00e9 plusieurs ann\u00e9es technicien de laboratoire dans le centre [&hellip;]<\/p>\n","protected":false},"author":1,"featured_media":0,"parent":0,"menu_order":0,"comment_status":"closed","ping_status":"closed","template":"","meta":{"footnotes":""},"class_list":["post-883","page","type-page","status-publish","hentry"],"_links":{"self":[{"href":"https:\/\/beraska.com\/fr\/wp-json\/wp\/v2\/pages\/883"}],"collection":[{"href":"https:\/\/beraska.com\/fr\/wp-json\/wp\/v2\/pages"}],"about":[{"href":"https:\/\/beraska.com\/fr\/wp-json\/wp\/v2\/types\/page"}],"author":[{"embeddable":true,"href":"https:\/\/beraska.com\/fr\/wp-json\/wp\/v2\/users\/1"}],"replies":[{"embeddable":true,"href":"https:\/\/beraska.com\/fr\/wp-json\/wp\/v2\/comments?post=883"}],"version-history":[{"count":6,"href":"https:\/\/beraska.com\/fr\/wp-json\/wp\/v2\/pages\/883\/revisions"}],"predecessor-version":[{"id":1579,"href":"https:\/\/beraska.com\/fr\/wp-json\/wp\/v2\/pages\/883\/revisions\/1579"}],"wp:attachment":[{"href":"https:\/\/beraska.com\/fr\/wp-json\/wp\/v2\/media?parent=883"}],"curies":[{"name":"wp","href":"https:\/\/api.w.org\/{rel}","templated":true}]}}